{"id":22,"date":"2018-04-03T21:27:38","date_gmt":"2018-04-03T21:27:38","guid":{"rendered":"http:\/\/gmarmi.com.br\/?page_id=22"},"modified":"2018-04-11T18:01:03","modified_gmt":"2018-04-11T18:01:03","slug":"granitos","status":"publish","type":"page","link":"http:\/\/www.gmarmi.com.br\/?page_id=22","title":{"rendered":"Granitos"},"content":{"rendered":"<p>[et_pb_section bb_built=&#8221;1&#8243; admin_label=&#8221;Header Section&#8221; background_color=&#8221;#000000&#8243; fullwidth=&#8221;on&#8221; _builder_version=&#8221;3.0.80&#8243; custom_padding=&#8221;|||&#8221; next_background_color=&#8221;#000000&#8243;][et_pb_fullwidth_header admin_label=&#8221;Banner&#8221; title=&#8221;Granitos&#8221; background_layout=&#8221;dark&#8221; text_orientation=&#8221;center&#8221; header_fullscreen=&#8221;on&#8221; header_scroll_down=&#8221;on&#8221; scroll_down_icon=&#8221;%%2%%&#8221; scroll_down_icon_color=&#8221;#ffffff&#8221; button_one_text=&#8221;Durabilidade e Beleza&#8221; background_overlay_color=&#8221;rgba(0,0,0,0.4)&#8221; content_max_width_last_edited=&#8221;off|desktop&#8221; _builder_version=&#8221;3.0.106&#8243; title_font=&#8221;Oswald|||on|&#8221; title_text_align=&#8221;center&#8221; title_font_size=&#8221;60px&#8221; title_font_size_phone=&#8221;40px&#8221; title_font_size_last_edited=&#8221;on|desktop&#8221; title_letter_spacing=&#8221;0.1em&#8221; title_line_height=&#8221;1.5em&#8221; content_line_height=&#8221;1.7em&#8221; subhead_font=&#8221;Nunito|600|||||||&#8221; subhead_font_size=&#8221;20px&#8221; subhead_line_height=&#8221;1.9em&#8221; background_image=&#8221;http:\/\/gmarmi.com.br\/wp-content\/uploads\/2018\/04\/Banner_Granito_1.jpg&#8221; custom_button_one=&#8221;on&#8221; button_one_text_size=&#8221;15px&#8221; button_one_bg_color=&#8221;#dca57d&#8221; button_one_border_width=&#8221;10px&#8221; button_one_border_color=&#8221;#dca57d&#8221; button_one_border_radius=&#8221;0px&#8221; button_one_letter_spacing=&#8221;3px&#8221; button_one_font=&#8221;Oswald|||on|&#8221; button_one_use_icon=&#8221;off&#8221; button_one_bg_color_hover=&#8221;#c99872&#8243; button_one_border_color_hover=&#8221;#c99872&#8243; button_one_border_radius_hover=&#8221;0px&#8221; button_one_letter_spacing_hover=&#8221;3px&#8221; animation_style=&#8221;fade&#8221; animation_starting_opacity=&#8221;50%&#8221; animation_speed_curve=&#8221;ease-in&#8221; background_repeat=&#8221;repeat&#8221; background_size=&#8221;initial&#8221; image_orientation=&#8221;bottom&#8221; content_orientation=&#8221;center&#8221; button_one_icon_placement=&#8221;right&#8221; custom_button_two=&#8221;off&#8221; button_two_icon_placement=&#8221;right&#8221; parallax=&#8221;on&#8221; parallax_method=&#8221;on&#8221; \/][\/et_pb_section][et_pb_section bb_built=&#8221;1&#8243; _builder_version=&#8221;3.0.106&#8243; background_color=&#8221;#000000&#8243; prev_background_color=&#8221;#000000&#8243; next_background_color=&#8221;#ffffff&#8221;][et_pb_row][et_pb_column type=&#8221;1_3&#8243;][et_pb_text _builder_version=&#8221;3.0.106&#8243; background_layout=&#8221;light&#8221; text_font=&#8221;Open Sans|700||on|||||&#8221; text_font_size=&#8221;26&#8243;]<\/p>\n<p>&nbsp;<\/p>\n<p>&nbsp;<\/p>\n<p>Ambientes com<\/p>\n<p>Granitos<\/p>\n<p>[\/et_pb_text][et_pb_text _builder_version=&#8221;3.0.106&#8243; background_layout=&#8221;light&#8221;]<\/p>\n<p>Possui um gr\u00e1u de dureza elevado, o granito por ser um produto nobre pode ser utilizado em v\u00e1rias aplica\u00e7\u00f5es e com formatos diferentes.<\/p>\n<p>[\/et_pb_text][\/et_pb_column][et_pb_column type=&#8221;1_3&#8243;][et_pb_image _builder_version=&#8221;3.0.106&#8243; src=&#8221;http:\/\/gmarmi.com.br\/wp-content\/uploads\/2018\/04\/Gran_05.jpg&#8221; show_in_lightbox=&#8221;on&#8221; url_new_window=&#8221;off&#8221; use_overlay=&#8221;on&#8221; always_center_on_mobile=&#8221;on&#8221; force_fullwidth=&#8221;off&#8221; show_bottom_space=&#8221;on&#8221; overlay_icon_color=&#8221;rgba(61,33,0,0.53)&#8221; hover_icon=&#8221;%%47%%&#8221; custom_margin=&#8221;0px|0px|0px|0px&#8221; custom_padding=&#8221;0px|0px|0px|0px&#8221; \/][et_pb_image _builder_version=&#8221;3.0.106&#8243; src=&#8221;http:\/\/gmarmi.com.br\/wp-content\/uploads\/2018\/04\/Gran_03.jpg&#8221; show_in_lightbox=&#8221;on&#8221; url_new_window=&#8221;off&#8221; use_overlay=&#8221;on&#8221; always_center_on_mobile=&#8221;on&#8221; force_fullwidth=&#8221;off&#8221; show_bottom_space=&#8221;on&#8221; overlay_icon_color=&#8221;rgba(61,33,0,0.53)&#8221; hover_icon=&#8221;%%47%%&#8221; custom_margin=&#8221;2px|0px|2px|0px&#8221; custom_padding=&#8221;2px|0px|2px|0px&#8221; \/][et_pb_image _builder_version=&#8221;3.0.106&#8243; src=&#8221;http:\/\/gmarmi.com.br\/wp-content\/uploads\/2018\/04\/Gran_01.jpg&#8221; show_in_lightbox=&#8221;on&#8221; url_new_window=&#8221;off&#8221; use_overlay=&#8221;on&#8221; always_center_on_mobile=&#8221;on&#8221; force_fullwidth=&#8221;off&#8221; show_bottom_space=&#8221;on&#8221; overlay_icon_color=&#8221;rgba(61,33,0,0.53)&#8221; hover_icon=&#8221;%%47%%&#8221; custom_margin=&#8221;0px|0px|0px|0px&#8221; custom_padding=&#8221;0px|0px|0px|0px&#8221; \/][\/et_pb_column][et_pb_column type=&#8221;1_3&#8243;][et_pb_image _builder_version=&#8221;3.0.106&#8243; src=&#8221;http:\/\/gmarmi.com.br\/wp-content\/uploads\/2018\/04\/Gran_04.jpg&#8221; show_in_lightbox=&#8221;on&#8221; url_new_window=&#8221;off&#8221; use_overlay=&#8221;on&#8221; always_center_on_mobile=&#8221;on&#8221; force_fullwidth=&#8221;off&#8221; show_bottom_space=&#8221;on&#8221; overlay_icon_color=&#8221;rgba(61,33,0,0.53)&#8221; hover_icon=&#8221;%%47%%&#8221; custom_margin=&#8221;0px|0px|0px|0px&#8221; custom_padding=&#8221;0px|0px|0px|0px&#8221; \/][et_pb_image _builder_version=&#8221;3.0.106&#8243; src=&#8221;http:\/\/gmarmi.com.br\/wp-content\/uploads\/2018\/04\/Gran_02.jpg&#8221; show_in_lightbox=&#8221;on&#8221; url_new_window=&#8221;off&#8221; use_overlay=&#8221;on&#8221; always_center_on_mobile=&#8221;on&#8221; force_fullwidth=&#8221;off&#8221; show_bottom_space=&#8221;on&#8221; overlay_icon_color=&#8221;rgba(61,33,0,0.53)&#8221; hover_icon=&#8221;%%47%%&#8221; custom_margin=&#8221;2px|0px|2px|0px&#8221; custom_padding=&#8221;2px|0px|2px|0px&#8221; \/][et_pb_image _builder_version=&#8221;3.0.106&#8243; src=&#8221;http:\/\/gmarmi.com.br\/wp-content\/uploads\/2018\/04\/Gran_06.jpg&#8221; show_in_lightbox=&#8221;on&#8221; url_new_window=&#8221;off&#8221; use_overlay=&#8221;on&#8221; always_center_on_mobile=&#8221;on&#8221; force_fullwidth=&#8221;off&#8221; show_bottom_space=&#8221;on&#8221; overlay_icon_color=&#8221;rgba(61,33,0,0.53)&#8221; hover_icon=&#8221;%%47%%&#8221; custom_margin=&#8221;0px|0px|0px|0px&#8221; custom_padding=&#8221;0px|0px|0px|0px&#8221; \/][\/et_pb_column][\/et_pb_row][\/et_pb_section][et_pb_section bb_built=&#8221;1&#8243; admin_label=&#8221;Footer&#8221; _builder_version=&#8221;3.0.106&#8243; background_color_gradient_direction=&#8221;90deg&#8221; background_image=&#8221;http:\/\/gmarmi.com.br\/wp-content\/uploads\/2018\/04\/base_Granito.jpg&#8221; parallax=&#8221;on&#8221; custom_padding=&#8221;0px|0px|0px|0px&#8221; saved_tabs=&#8221;all&#8221; prev_background_color=&#8221;#000000&#8243;][et_pb_row admin_label=&#8221;Footer Row&#8221; make_fullwidth=&#8221;on&#8221; use_custom_gutter=&#8221;on&#8221; gutter_width=&#8221;1&#8243; custom_padding=&#8221;0px|0px|0px|0px&#8221; custom_margin=&#8221;|||&#8221; make_equal=&#8221;on&#8221; background_color_1=&#8221;rgba(0,0,0,0.6)&#8221; background_color_2=&#8221;#000000&#8243; padding_top_1=&#8221;100px&#8221; padding_right_1=&#8221;10%&#8221; padding_bottom_1=&#8221;100px&#8221; padding_left_1=&#8221;10%&#8221; padding_top_2=&#8221;100px&#8221; padding_right_2=&#8221;10%&#8221; padding_bottom_2=&#8221;100px&#8221; padding_left_2=&#8221;10%&#8221; padding_1_last_edited=&#8221;on|phone&#8221; _builder_version=&#8221;3.0.85&#8243; animation_style=&#8221;fade&#8221;][et_pb_column type=&#8221;1_2&#8243;][et_pb_text admin_label=&#8221;Tittle&#8221; background_layout=&#8221;dark&#8221; _builder_version=&#8221;3.0.106&#8243; text_font=&#8221;Oswald||||&#8221; header_2_font=&#8221;Oswald|||on|||||&#8221; header_2_text_align=&#8221;left&#8221; header_2_font_size=&#8221;40px&#8221; header_2_letter_spacing=&#8221;2px&#8221; header_2_line_height=&#8221;1.5em&#8221; custom_margin=&#8221;||4%|&#8221; locked=&#8221;off&#8221;]<\/p>\n<h2>Venha nos visitar!<\/h2>\n<p>[\/et_pb_text][et_pb_text admin_label=&#8221;Texts&#8221; background_layout=&#8221;dark&#8221; _builder_version=&#8221;3.0.106&#8243; text_font=&#8221;Nunito||||&#8221; text_font_size=&#8221;16px&#8221; text_line_height=&#8221;1.5em&#8221; header_font=&#8221;Oswald|||on|&#8221; header_font_size=&#8221;16px&#8221; header_text_color=&#8221;#dca57d&#8221; header_letter_spacing=&#8221;2px&#8221; header_line_height=&#8221;1.7em&#8221; header_4_font=&#8221;Oswald|||on|||||&#8221; header_4_font_size=&#8221;16px&#8221; header_4_text_color=&#8221;#dca57d&#8221; header_4_letter_spacing=&#8221;1px&#8221; header_4_line_height=&#8221;1.5em&#8221; custom_margin=&#8221;||6%|&#8221; locked=&#8221;off&#8221;]<\/p>\n<h4>Show Room<\/h4>\n<p>Pe\u00e7as e Mostru\u00e1rio<\/p>\n<p>[\/et_pb_text][et_pb_text admin_label=&#8221;Texts&#8221; background_layout=&#8221;dark&#8221; _builder_version=&#8221;3.0.106&#8243; text_font=&#8221;Nunito||||&#8221; text_font_size=&#8221;16px&#8221; text_line_height=&#8221;1.5em&#8221; header_font=&#8221;Oswald|||on|&#8221; header_font_size=&#8221;16px&#8221; header_text_color=&#8221;#dca57d&#8221; header_letter_spacing=&#8221;2px&#8221; header_line_height=&#8221;1.7em&#8221; header_4_font=&#8221;Oswald|||on|||||&#8221; header_4_font_size=&#8221;16px&#8221; header_4_text_color=&#8221;#dca57d&#8221; header_4_letter_spacing=&#8221;1px&#8221; header_4_line_height=&#8221;1.5em&#8221; custom_margin=&#8221;||6%|&#8221; locked=&#8221;off&#8221;]<\/p>\n<h4>Segunda a Sexta<\/h4>\n<p>das 8h00 \u00e0s 17h00<\/p>\n<p>[\/et_pb_text][et_pb_button admin_label=&#8221;Texts&#8221; button_text=&#8221;Menu&#8221; button_alignment=&#8221;left&#8221; _builder_version=&#8221;3.0.106&#8243; custom_margin=&#8221;|||&#8221; custom_button=&#8221;on&#8221; button_text_size=&#8221;15px&#8221; button_text_color=&#8221;#ffffff&#8221; button_bg_color=&#8221;#dca47d&#8221; button_border_width=&#8221;10px&#8221; button_border_color=&#8221;#dca47d&#8221; button_border_radius=&#8221;0px&#8221; button_letter_spacing=&#8221;3px&#8221; button_font=&#8221;Oswald|||on|&#8221; button_use_icon=&#8221;off&#8221; button_bg_color_hover=&#8221;#c99872&#8243; button_border_color_hover=&#8221;#c99872&#8243; button_border_radius_hover=&#8221;0px&#8221; button_letter_spacing_hover=&#8221;3px&#8221; url_new_window=&#8221;off&#8221; background_layout=&#8221;light&#8221; button_icon_placement=&#8221;right&#8221; \/][\/et_pb_column][et_pb_column type=&#8221;1_2&#8243;][et_pb_text admin_label=&#8221;Texts&#8221; background_layout=&#8221;dark&#8221; _builder_version=&#8221;3.0.106&#8243; text_font=&#8221;Oswald||||&#8221; header_2_font=&#8221;Oswald|||on|||||&#8221; header_2_text_align=&#8221;left&#8221; header_2_font_size=&#8221;40px&#8221; header_2_letter_spacing=&#8221;2px&#8221; header_2_line_height=&#8221;1.5em&#8221; custom_margin=&#8221;||4%|&#8221; custom_padding=&#8221;|||&#8221; locked=&#8221;off&#8221;]<\/p>\n<h2>Contato<\/h2>\n<p>[\/et_pb_text][et_pb_text admin_label=&#8221;Texts&#8221; background_layout=&#8221;dark&#8221; _builder_version=&#8221;3.0.106&#8243; text_font=&#8221;Nunito||||&#8221; text_font_size=&#8221;16px&#8221; header_font=&#8221;Oswald|||on|&#8221; header_font_size=&#8221;16px&#8221; header_text_color=&#8221;#dca57d&#8221; header_letter_spacing=&#8221;2px&#8221; header_line_height=&#8221;1.7em&#8221; header_4_font=&#8221;Oswald|||on|||||&#8221; header_4_font_size=&#8221;16px&#8221; header_4_text_color=&#8221;#dca57d&#8221; header_4_letter_spacing=&#8221;1px&#8221; header_4_line_height=&#8221;1.5em&#8221; custom_margin=&#8221;||6%|&#8221; locked=&#8221;off&#8221;]<\/p>\n<h4>Fone<\/h4>\n<p>55 11 2021 4131<\/p>\n<p>[\/et_pb_text][et_pb_text admin_label=&#8221;Texts&#8221; background_layout=&#8221;dark&#8221; _builder_version=&#8221;3.0.106&#8243; text_font=&#8221;Nunito||||&#8221; text_font_size=&#8221;16px&#8221; header_font=&#8221;Oswald|||on|&#8221; header_font_size=&#8221;16px&#8221; header_text_color=&#8221;#dca57d&#8221; header_letter_spacing=&#8221;2px&#8221; header_line_height=&#8221;1.7em&#8221; header_4_font=&#8221;Oswald|||on|||||&#8221; header_4_font_size=&#8221;16px&#8221; header_4_text_color=&#8221;#dca57d&#8221; header_4_letter_spacing=&#8221;1px&#8221; header_4_line_height=&#8221;1.5em&#8221; custom_margin=&#8221;||6%|&#8221; locked=&#8221;off&#8221;]<\/p>\n<h4>Mail<\/h4>\n<p><a href=\"mailto:gmarmi@gmarmi.com.br\">gmarmi@gmarmi.com.br<\/a><\/p>\n<p>[\/et_pb_text][et_pb_text admin_label=&#8221;Texts&#8221; background_layout=&#8221;dark&#8221; _builder_version=&#8221;3.0.106&#8243; text_font=&#8221;Nunito||||&#8221; text_font_size=&#8221;16px&#8221; text_line_height=&#8221;1.5em&#8221; header_font=&#8221;Oswald|||on|&#8221; header_font_size=&#8221;16px&#8221; header_text_color=&#8221;#dca57d&#8221; header_letter_spacing=&#8221;2px&#8221; header_line_height=&#8221;1.7em&#8221; header_4_font=&#8221;Oswald|||on|||||&#8221; header_4_font_size=&#8221;16px&#8221; header_4_text_color=&#8221;#dca57d&#8221; header_4_letter_spacing=&#8221;1px&#8221; header_4_line_height=&#8221;1.5em&#8221; custom_margin=&#8221;||6%|&#8221; locked=&#8221;off&#8221;]<\/p>\n<h4>Endere\u00e7o<\/h4>\n<p>Rua Umuarama, 786 &#8211; Vila Prudente<br \/>\nS\u00e3o Paulo &#8211; SP &#8211; Cep 03129-010<\/p>\n<p>[\/et_pb_text][\/et_pb_column][\/et_pb_row][\/et_pb_section]<\/p>\n","protected":false},"excerpt":{"rendered":"<p><div class=\"et_pb_row et_pb_row_0 et_pb_row_empty\">\n\t\t\t\t\n\t\t\t\t\n\t\t\t\t\n\t\t\t\t\n\t\t\t\t\n\t\t\t<\/div> &nbsp; &nbsp; Ambientes com Granitos Possui um gr\u00e1u de dureza elevado, o granito por ser um produto nobre pode ser utilizado em v\u00e1rias aplica\u00e7\u00f5es e com formatos diferentes. Venha nos visitar! Show Room Pe\u00e7as e Mostru\u00e1rio Segunda a Sexta das 8h00 \u00e0s 17h00 Contato Fone 55 11 2021 4131 Mail gmarmi@gmarmi.com.br Endere\u00e7o Rua Umuarama, [&hellip;]<\/p>\n","protected":false},"author":1,"featured_media":0,"parent":0,"menu_order":0,"comment_status":"closed","ping_status":"closed","template":"","meta":{"_et_pb_use_builder":"on","_et_pb_old_content":"","_et_gb_content_width":"","footnotes":""},"class_list":["post-22","page","type-page","status-publish","hentry"],"_links":{"self":[{"href":"http:\/\/www.gmarmi.com.br\/index.php?rest_route=\/wp\/v2\/pages\/22","targetHints":{"allow":["GET"]}}],"collection":[{"href":"http:\/\/www.gmarmi.com.br\/index.php?rest_route=\/wp\/v2\/pages"}],"about":[{"href":"http:\/\/www.gmarmi.com.br\/index.php?rest_route=\/wp\/v2\/types\/page"}],"author":[{"embeddable":true,"href":"http:\/\/www.gmarmi.com.br\/index.php?rest_route=\/wp\/v2\/users\/1"}],"replies":[{"embeddable":true,"href":"http:\/\/www.gmarmi.com.br\/index.php?rest_route=%2Fwp%2Fv2%2Fcomments&post=22"}],"version-history":[{"count":7,"href":"http:\/\/www.gmarmi.com.br\/index.php?rest_route=\/wp\/v2\/pages\/22\/revisions"}],"predecessor-version":[{"id":205,"href":"http:\/\/www.gmarmi.com.br\/index.php?rest_route=\/wp\/v2\/pages\/22\/revisions\/205"}],"wp:attachment":[{"href":"http:\/\/www.gmarmi.com.br\/index.php?rest_route=%2Fwp%2Fv2%2Fmedia&parent=22"}],"curies":[{"name":"wp","href":"https:\/\/api.w.org\/{rel}","templated":true}]}}